{"id":955,"date":"2017-03-27T15:48:20","date_gmt":"2017-03-27T15:48:20","guid":{"rendered":"http:\/\/es.acre.fullcircle.es\/?page_id=955"},"modified":"2017-03-31T05:43:08","modified_gmt":"2017-03-31T10:43:08","slug":"marcas-topograficas","status":"publish","type":"page","link":"https:\/\/old.grupoacre.pa\/es\/marcas-topograficas\/","title":{"rendered":"Marcas topogr\u00e1ficas"},"content":{"rendered":"<p>Como l\u00edderes en el mercado de la topograf\u00eda, en ACRE Colombia, tenemos el objetivo de satisfacer las exigencias de nuestros clientes, y lo conseguimos gracias a nuestra <strong>extensa gama de productos procedentes de marcas de la mejor calidad<\/strong>.<\/p>\n<p>El ser <strong>distribuidores oficiales de las mejores marcas topogr\u00e1ficas del mercado<\/strong> nos permite estar presentes como proveedores en una gran cantidad de empresas de sectores muy variados.<\/p>\n","protected":false},"excerpt":{"rendered":"Como l\u00edderes en el mercado de la topograf\u00eda, en ACRE Colombia, tenemos el objetivo de satisfacer las exigencias de nuestros clientes, y lo conseguimos gracias a nuestra extensa gama de productos procedentes de marcas de la mejor calidad. El ser distribuidores oficiales de las mejores marcas topogr\u00e1ficas del mercado nos permite estar presentes como proveedores&#8230;","protected":false},"author":3,"featured_media":0,"parent":0,"menu_order":0,"comment_status":"closed","ping_status":"closed","template":"","meta":{"_acf_changed":false,"footnotes":""},"class_list":["post-955","page","type-page","status-publish","hentry"],"acf":[],"yoast_head":"<!-- This site is optimized with the Yoast SEO plugin v25.2 - https:\/\/yoast.com\/wordpress\/plugins\/seo\/ -->\n<title>Marcas topogr\u00e1ficas | Grupo Acre Panam\u00e1<\/title>\n<meta name=\"robots\" content=\"noindex, follow, max-snippet:-1, max-image-preview:large, max-video-preview:-1\" \/>\n<meta property=\"og:locale\" content=\"es_ES\" \/>\n<meta property=\"og:type\" content=\"article\" \/>\n<meta property=\"og:title\" content=\"Marcas topogr\u00e1ficas | Grupo Acre Panam\u00e1\" \/>\n<meta property=\"og:description\" content=\"Como l\u00edderes en el mercado de la topograf\u00eda, en ACRE Colombia, tenemos el objetivo de satisfacer las exigencias de nuestros clientes, y lo conseguimos gracias a nuestra extensa gama de productos procedentes de marcas de la mejor calidad. El ser distribuidores oficiales de las mejores marcas topogr\u00e1ficas del mercado nos permite estar presentes como proveedores...\" \/>\n<meta property=\"og:url\" content=\"https:\/\/old.grupoacre.pa\/es\/marcas-topograficas\/\" \/>\n<meta property=\"og:site_name\" content=\"Grupo Acre Panam\u00e1\" \/>\n<meta property=\"article:publisher\" content=\"https:\/\/www.facebook.com\/Acre.Surveying.Solutions\" \/>\n<meta property=\"article:modified_time\" content=\"2017-03-31T10:43:08+00:00\" \/>\n<meta name=\"twitter:card\" content=\"summary_large_image\" \/>\n<meta name=\"twitter:site\" content=\"@AcreSurveying\" \/>\n<!-- \/ Yoast SEO plugin. -->","yoast_head_json":{"title":"Marcas topogr\u00e1ficas | Grupo Acre Panam\u00e1","robots":{"index":"noindex","follow":"follow","max-snippet":"max-snippet:-1","max-image-preview":"max-image-preview:large","max-video-preview":"max-video-preview:-1"},"og_locale":"es_ES","og_type":"article","og_title":"Marcas topogr\u00e1ficas | Grupo Acre Panam\u00e1","og_description":"Como l\u00edderes en el mercado de la topograf\u00eda, en ACRE Colombia, tenemos el objetivo de satisfacer las exigencias de nuestros clientes, y lo conseguimos gracias a nuestra extensa gama de productos procedentes de marcas de la mejor calidad. El ser distribuidores oficiales de las mejores marcas topogr\u00e1ficas del mercado nos permite estar presentes como proveedores...","og_url":"https:\/\/old.grupoacre.pa\/es\/marcas-topograficas\/","og_site_name":"Grupo Acre Panam\u00e1","article_publisher":"https:\/\/www.facebook.com\/Acre.Surveying.Solutions","article_modified_time":"2017-03-31T10:43:08+00:00","twitter_card":"summary_large_image","twitter_site":"@AcreSurveying","schema":{"@context":"https:\/\/schema.org","@graph":[{"@type":"WebPage","@id":"https:\/\/old.grupoacre.pa\/es\/marcas-topograficas\/","url":"https:\/\/old.grupoacre.pa\/es\/marcas-topograficas\/","name":"Marcas topogr\u00e1ficas | Grupo Acre Panam\u00e1","isPartOf":{"@id":"https:\/\/old.grupoacre.pa\/es\/#website"},"datePublished":"2017-03-27T15:48:20+00:00","dateModified":"2017-03-31T10:43:08+00:00","breadcrumb":{"@id":"https:\/\/old.grupoacre.pa\/es\/marcas-topograficas\/#breadcrumb"},"inLanguage":"es","potentialAction":[{"@type":"ReadAction","target":[["https:\/\/old.grupoacre.pa\/es\/marcas-topograficas\/"]]}]},{"@type":"BreadcrumbList","@id":"https:\/\/old.grupoacre.pa\/es\/marcas-topograficas\/#breadcrumb","itemListElement":[{"@type":"ListItem","position":1,"name":"Portada","item":"https:\/\/old.grupoacre.pa\/es\/"},{"@type":"ListItem","position":2,"name":"Marcas topogr\u00e1ficas"}]},{"@type":"WebSite","@id":"https:\/\/old.grupoacre.pa\/es\/#website","url":"https:\/\/old.grupoacre.pa\/es\/","name":"Grupo Acre Panam\u00e1","description":"Surveying Solutions","potentialAction":[{"@type":"SearchAction","target":{"@type":"EntryPoint","urlTemplate":"https:\/\/old.grupoacre.pa\/es\/?s={search_term_string}"},"query-input":{"@type":"PropertyValueSpecification","valueRequired":true,"valueName":"search_term_string"}}],"inLanguage":"es"}]}},"_links":{"self":[{"href":"https:\/\/old.grupoacre.pa\/es\/wp-json\/wp\/v2\/pages\/955","targetHints":{"allow":["GET"]}}],"collection":[{"href":"https:\/\/old.grupoacre.pa\/es\/wp-json\/wp\/v2\/pages"}],"about":[{"href":"https:\/\/old.grupoacre.pa\/es\/wp-json\/wp\/v2\/types\/page"}],"author":[{"embeddable":true,"href":"https:\/\/old.grupoacre.pa\/es\/wp-json\/wp\/v2\/users\/3"}],"replies":[{"embeddable":true,"href":"https:\/\/old.grupoacre.pa\/es\/wp-json\/wp\/v2\/comments?post=955"}],"version-history":[{"count":5,"href":"https:\/\/old.grupoacre.pa\/es\/wp-json\/wp\/v2\/pages\/955\/revisions"}],"predecessor-version":[{"id":2597,"href":"https:\/\/old.grupoacre.pa\/es\/wp-json\/wp\/v2\/pages\/955\/revisions\/2597"}],"wp:attachment":[{"href":"https:\/\/old.grupoacre.pa\/es\/wp-json\/wp\/v2\/media?parent=955"}],"curies":[{"name":"wp","href":"https:\/\/api.w.org\/{rel}","templated":true}]}}