{"id":940,"date":"2017-03-27T11:53:39","date_gmt":"2017-03-27T11:53:39","guid":{"rendered":"http:\/\/es.acre.fullcircle.es\/?page_id=940"},"modified":"2020-10-09T04:02:31","modified_gmt":"2020-10-09T09:02:31","slug":"politica-privacidad","status":"publish","type":"page","link":"https:\/\/old.grupoacre.pa\/es\/politica-privacidad\/","title":{"rendered":"Pol\u00edtica de privacidad"},"content":{"rendered":"<p>ACRE informa seguidamente de su pol\u00edtica de privacidad aplicada a los datos personales. De esta manera, todos los datos personales que tenga bajo su responsabilidad ser\u00e1n tratados de acuerdo al art\u00edculo 42 de la Constituci\u00f3n Pol\u00edtica de la Rep\u00fablica de Panam\u00e1.<\/p>\n<p>La visita del sitio web https:\/\/www.grupoacre.pa no implica que el usuario deba suministrar ninguna informaci\u00f3n alguna respecto a su identidad, siendo totalmente an\u00f3nima y, en ning\u00fan caso, puede ser asociada a un usuario concreto e identificado. En el supuesto que se suministre datos de car\u00e1cter de personal, estos datos ser\u00e1n recogidos y utilizados conforme a las limitaciones y los derechos recogidos en la citada norma de protecci\u00f3n de datos.<\/p>\n<p>Los usuarios que faciliten datos de car\u00e1cter personal consienten de forma clara, exacta e inequ\u00edvoca las presentes condiciones.<\/p>\n<h5>RECOGIDA DE DATOS<\/h5>\n<p>La recogida de datos de car\u00e1cter personal se realizar\u00e1 \u00fanica y exclusivamente a trav\u00e9s de los formularios publicados en la web y de los correos electr\u00f3nicos que los usuarios puedan remitir a Grupo ACRE que ser\u00e1n incluidos en un fichero automatizado.<\/p>\n<p>&nbsp;<\/p>\n<h5>RESPONSABLE DE TRATAMIENTO DE DATOS PERSONALES<\/h5>\n<p>El responsable del tratamiento de los datos personales es\u00a0ACRE SURVEYING SOLUTIONS PANAMA S.A &#8211; Cuya direcci\u00f3n es Edificio BBVA Torre grande, planta baja. Avda. Balboa con calle 43. Corregimiento de Bella Vista. Ciudad de Panam\u00e1. Panam\u00e1.\u00a0Tel. (507) 203 3622 &#8211; Fax. (507) 203 3623. Correo electr\u00f3nico\u00a0infopanama@grupoacre.com<\/p>\n<p>&nbsp;<\/p>\n<h5>OBJETO Y FINALIDADES DEL TRATAMIENTO DE DATOS PERSONALES<\/h5>\n<p>ACRE recolecta, almacena y usa datos personales de los usuarios con el prop\u00f3sito de dar servicio comercial, informativo y de promoci\u00f3n de sus productos y servicios en desarrollo de su objeto social. Los datos\u00a0personales recabados, cuando hayan dejado de ser necesarios o pertinentes para la finalidad para la cual fueron recogidos, ser\u00e1n cancelados y eliminados.<\/p>\n<p>&nbsp;<\/p>\n<h5>SEGURIDAD DE LA INFORMACI\u00d3N<\/h5>\n<p>ACRE ha desarrollado todos los sistemas y medidas t\u00e9cnicas y organizativas a su alcance, previstas en la normativa de protecci\u00f3n de datos de car\u00e1cter personal para evitar la p\u00e9rdida, mal uso, alteraci\u00f3n, acceso no autorizado y sustracci\u00f3n de los datos de car\u00e1cter personal facilitados por el usuario o visitante. \u00a0Las comunicaciones privadas que pudieran darse entre el personal de ACRE y los usuarios o visitantes ser\u00e1n consideradas como confidenciales. El acceso a esta informaci\u00f3n est\u00e1 restringido mediante herramientas tecnol\u00f3gicas y mediante estrictos controles internos.\u00a0Los datos personales recabados no ser\u00e1n cedidos a terceros sin su consentimiento expreso.<\/p>\n<p>&nbsp;<\/p>\n<h5>ENLACES CON OTROS SITIOS WEB<\/h5>\n<p>El presente sitio web puede contener enlaces a\u00a0otros sitios. Se informa que ACRE no dispone de control alguno ni ostenta responsabilidad alguna sobre las pol\u00edticas o medidas de protecci\u00f3n de datos de otros sitios web.<\/p>\n<p>&nbsp;<\/p>\n<h5>DERECHOS DE LOS USUARIOS<\/h5>\n<p>El usuario podr\u00e1 ejercitar, respecto a los datos recabados en la forma prevista, los derechos reconocidos \u00a0de acceso, rectificaci\u00f3n o cancelaci\u00f3n de datos y oposici\u00f3n, si resultase pertinente, as\u00ed como el de revocaci\u00f3n del consentimiento para la cesi\u00f3n de sus datos.<br \/>\nLos derechos de cancelaci\u00f3n, oposici\u00f3n y revocaci\u00f3n del consentimiento para la cesi\u00f3n podr\u00e1n ser ejercitados por el usuario, y en su caso quien lo represente, mediante petici\u00f3n escrita dirigida a la siguiente direcci\u00f3n de correo electr\u00f3nico: infopanama@grupoacre.com Tambi\u00e9n podr\u00e1 hacerlo mediante solicitud remitida por correo ordinario, firmada y acompa\u00f1ada de fotocopia de\u00a0documento de identificaci\u00f3n a ACRE SURVEYING SOLUTIONS PANAMA S.A direcci\u00f3n es Edificio BBVA Torre grande, planta baja. Avda. Balboa con calle 43. Corregimiento de Bella Vista. Ciudad de Panam\u00e1.<\/p>\n<h2><\/h2>\n<p><\/p>","protected":false},"excerpt":{"rendered":"ACRE informa seguidamente de su pol\u00edtica de privacidad aplicada a los datos personales. De esta manera, todos los datos personales que tenga bajo su responsabilidad ser\u00e1n tratados de acuerdo al art\u00edculo 42 de la Constituci\u00f3n Pol\u00edtica de la Rep\u00fablica de Panam\u00e1. La visita del sitio web https:\/\/www.grupoacre.pa no implica que el usuario deba suministrar ninguna&#8230;","protected":false},"author":1,"featured_media":0,"parent":0,"menu_order":0,"comment_status":"closed","ping_status":"closed","template":"","meta":{"_acf_changed":false,"footnotes":""},"class_list":["post-940","page","type-page","status-publish","hentry"],"acf":[],"yoast_head":"<!-- This site is optimized with the Yoast SEO plugin v25.2 - https:\/\/yoast.com\/wordpress\/plugins\/seo\/ -->\n<title>Pol\u00edtica de privacidad | Grupo Acre Panam\u00e1<\/title>\n<meta name=\"robots\" content=\"noindex, nofollow\" \/>\n<meta property=\"og:locale\" content=\"es_ES\" \/>\n<meta property=\"og:type\" content=\"article\" \/>\n<meta property=\"og:title\" content=\"Pol\u00edtica de privacidad | Grupo Acre Panam\u00e1\" \/>\n<meta property=\"og:description\" content=\"ACRE informa seguidamente de su pol\u00edtica de privacidad aplicada a los datos personales. De esta manera, todos los datos personales que tenga bajo su responsabilidad ser\u00e1n tratados de acuerdo al art\u00edculo 42 de la Constituci\u00f3n Pol\u00edtica de la Rep\u00fablica de Panam\u00e1. La visita del sitio web https:\/\/www.grupoacre.pa no implica que el usuario deba suministrar ninguna...\" \/>\n<meta property=\"og:url\" content=\"https:\/\/old.grupoacre.pa\/es\/politica-privacidad\/\" \/>\n<meta property=\"og:site_name\" content=\"Grupo Acre Panam\u00e1\" \/>\n<meta property=\"article:publisher\" content=\"https:\/\/www.facebook.com\/Acre.Surveying.Solutions\" \/>\n<meta property=\"article:modified_time\" content=\"2020-10-09T09:02:31+00:00\" \/>\n<meta name=\"twitter:card\" content=\"summary_large_image\" \/>\n<meta name=\"twitter:site\" content=\"@AcreSurveying\" \/>\n<meta name=\"twitter:label1\" content=\"Tiempo de lectura\" \/>\n\t<meta name=\"twitter:data1\" content=\"16 minutos\" \/>\n<!-- \/ Yoast SEO plugin. -->","yoast_head_json":{"title":"Pol\u00edtica de privacidad | Grupo Acre Panam\u00e1","robots":{"index":"noindex","follow":"nofollow"},"og_locale":"es_ES","og_type":"article","og_title":"Pol\u00edtica de privacidad | Grupo Acre Panam\u00e1","og_description":"ACRE informa seguidamente de su pol\u00edtica de privacidad aplicada a los datos personales. De esta manera, todos los datos personales que tenga bajo su responsabilidad ser\u00e1n tratados de acuerdo al art\u00edculo 42 de la Constituci\u00f3n Pol\u00edtica de la Rep\u00fablica de Panam\u00e1. La visita del sitio web https:\/\/www.grupoacre.pa no implica que el usuario deba suministrar ninguna...","og_url":"https:\/\/old.grupoacre.pa\/es\/politica-privacidad\/","og_site_name":"Grupo Acre Panam\u00e1","article_publisher":"https:\/\/www.facebook.com\/Acre.Surveying.Solutions","article_modified_time":"2020-10-09T09:02:31+00:00","twitter_card":"summary_large_image","twitter_site":"@AcreSurveying","twitter_misc":{"Tiempo de lectura":"16 minutos"},"schema":{"@context":"https:\/\/schema.org","@graph":[{"@type":"WebPage","@id":"https:\/\/old.grupoacre.pa\/es\/politica-privacidad\/","url":"https:\/\/old.grupoacre.pa\/es\/politica-privacidad\/","name":"Pol\u00edtica de privacidad | Grupo Acre Panam\u00e1","isPartOf":{"@id":"https:\/\/old.grupoacre.pa\/es\/#website"},"datePublished":"2017-03-27T11:53:39+00:00","dateModified":"2020-10-09T09:02:31+00:00","breadcrumb":{"@id":"https:\/\/old.grupoacre.pa\/es\/politica-privacidad\/#breadcrumb"},"inLanguage":"es","potentialAction":[{"@type":"ReadAction","target":[["https:\/\/old.grupoacre.pa\/es\/politica-privacidad\/"]]}]},{"@type":"BreadcrumbList","@id":"https:\/\/old.grupoacre.pa\/es\/politica-privacidad\/#breadcrumb","itemListElement":[{"@type":"ListItem","position":1,"name":"Portada","item":"https:\/\/old.grupoacre.pa\/es\/"},{"@type":"ListItem","position":2,"name":"Pol\u00edtica de privacidad"}]},{"@type":"WebSite","@id":"https:\/\/old.grupoacre.pa\/es\/#website","url":"https:\/\/old.grupoacre.pa\/es\/","name":"Grupo Acre Panam\u00e1","description":"Surveying Solutions","potentialAction":[{"@type":"SearchAction","target":{"@type":"EntryPoint","urlTemplate":"https:\/\/old.grupoacre.pa\/es\/?s={search_term_string}"},"query-input":{"@type":"PropertyValueSpecification","valueRequired":true,"valueName":"search_term_string"}}],"inLanguage":"es"}]}},"_links":{"self":[{"href":"https:\/\/old.grupoacre.pa\/es\/wp-json\/wp\/v2\/pages\/940","targetHints":{"allow":["GET"]}}],"collection":[{"href":"https:\/\/old.grupoacre.pa\/es\/wp-json\/wp\/v2\/pages"}],"about":[{"href":"https:\/\/old.grupoacre.pa\/es\/wp-json\/wp\/v2\/types\/page"}],"author":[{"embeddable":true,"href":"https:\/\/old.grupoacre.pa\/es\/wp-json\/wp\/v2\/users\/1"}],"replies":[{"embeddable":true,"href":"https:\/\/old.grupoacre.pa\/es\/wp-json\/wp\/v2\/comments?post=940"}],"version-history":[{"count":5,"href":"https:\/\/old.grupoacre.pa\/es\/wp-json\/wp\/v2\/pages\/940\/revisions"}],"predecessor-version":[{"id":193494,"href":"https:\/\/old.grupoacre.pa\/es\/wp-json\/wp\/v2\/pages\/940\/revisions\/193494"}],"wp:attachment":[{"href":"https:\/\/old.grupoacre.pa\/es\/wp-json\/wp\/v2\/media?parent=940"}],"curies":[{"name":"wp","href":"https:\/\/api.w.org\/{rel}","templated":true}]}}