{"id":432,"date":"2017-02-22T13:02:11","date_gmt":"2017-02-22T13:02:11","guid":{"rendered":"http:\/\/es.acre.fullcircle.es\/?page_id=432"},"modified":"2017-04-10T10:24:52","modified_gmt":"2017-04-10T15:24:52","slug":"acre-panama","status":"publish","type":"page","link":"https:\/\/old.grupoacre.pa\/es\/acre-panama\/","title":{"rendered":"ACRE Panam\u00e1"},"content":{"rendered":"<p>A partir de 2015 y tras la fusi\u00f3n con Proc\u00e1lculo, empresa colombiana reconocida por su experiencia en sensores aerotransportados y software geoespacial, Grupo Acre funda <strong>ACRE COLOMBIA SAS<\/strong>. Se convierte as\u00ed en <strong>adjudicatario de la licencia de Distribuci\u00f3n Oficial de la gama completa de los productos Leica Geosystems<\/strong> en el pa\u00eds.<\/p>\n<p>ACRE COLOMBIA ofrece un profundo conocimiento del mercado y los procesos locales. Est\u00e1 formada por un <strong>equipo con un perfil t\u00e9cnico y profesional de alto nivel<\/strong>. Tambi\u00e9n es avalada por una amplia experiencia multinacional en grandes proyectos como el Metro de Panam\u00e1, el Canal de Panam\u00e1 o el Metro de Lima; en los cuales act\u00faa como proveedor oficial del suministro y mantenimiento de los instrumentos Leica Geosystems.<\/p>","protected":false},"excerpt":{"rendered":"A partir de 2015 y tras la fusi\u00f3n con Proc\u00e1lculo, empresa colombiana reconocida por su experiencia en sensores aerotransportados y software geoespacial, Grupo Acre funda ACRE COLOMBIA SAS. Se convierte as\u00ed en adjudicatario de la licencia de Distribuci\u00f3n Oficial de la gama completa de los productos Leica Geosystems en el pa\u00eds. ACRE COLOMBIA ofrece un&#8230;","protected":false},"author":3,"featured_media":1043,"parent":0,"menu_order":8,"comment_status":"closed","ping_status":"closed","template":"","meta":{"_acf_changed":false,"footnotes":""},"class_list":["post-432","page","type-page","status-publish","has-post-thumbnail","hentry"],"acf":[],"yoast_head":"<!-- This site is optimized with the Yoast SEO plugin v25.2 - https:\/\/yoast.com\/wordpress\/plugins\/seo\/ -->\n<title>ACRE Panam\u00e1 | Grupo Acre Panam\u00e1<\/title>\n<meta name=\"description\" content=\"ACRE COLOMBIA SAS distribuidora oficial de Leica Geosystems. Asesoramiento t\u00e9cnica y comercial, asistencia y formaci\u00f3n para sacar el m\u00e1ximo rendimiento.\" \/>\n<meta name=\"robots\" content=\"noindex, follow, max-snippet:-1, max-image-preview:large, max-video-preview:-1\" \/>\n<meta property=\"og:locale\" content=\"es_ES\" \/>\n<meta property=\"og:type\" content=\"article\" \/>\n<meta property=\"og:title\" content=\"ACRE Panam\u00e1 | Grupo Acre Panam\u00e1\" \/>\n<meta property=\"og:description\" content=\"ACRE COLOMBIA SAS distribuidora oficial de Leica Geosystems. Asesoramiento t\u00e9cnica y comercial, asistencia y formaci\u00f3n para sacar el m\u00e1ximo rendimiento.\" \/>\n<meta property=\"og:url\" content=\"https:\/\/old.grupoacre.pa\/es\/acre-panama\/\" \/>\n<meta property=\"og:site_name\" content=\"Grupo Acre Panam\u00e1\" \/>\n<meta property=\"article:publisher\" content=\"https:\/\/www.facebook.com\/Acre.Surveying.Solutions\" \/>\n<meta property=\"article:modified_time\" content=\"2017-04-10T15:24:52+00:00\" \/>\n<meta property=\"og:image\" content=\"https:\/\/old.grupoacre.pa\/wp-content\/uploads\/sites\/5\/2017\/02\/estacion-total-acre.jpg\" \/>\n\t<meta property=\"og:image:width\" content=\"1766\" \/>\n\t<meta property=\"og:image:height\" content=\"750\" \/>\n\t<meta property=\"og:image:type\" content=\"image\/jpeg\" \/>\n<meta name=\"twitter:card\" content=\"summary_large_image\" \/>\n<meta name=\"twitter:site\" content=\"@AcreSurveying\" \/>\n<meta name=\"twitter:label1\" content=\"Tiempo de lectura\" \/>\n\t<meta name=\"twitter:data1\" content=\"2 minutos\" \/>\n<!-- \/ Yoast SEO plugin. -->","yoast_head_json":{"title":"ACRE Panam\u00e1 | Grupo Acre Panam\u00e1","description":"ACRE COLOMBIA SAS distribuidora oficial de Leica Geosystems. Asesoramiento t\u00e9cnica y comercial, asistencia y formaci\u00f3n para sacar el m\u00e1ximo rendimiento.","robots":{"index":"noindex","follow":"follow","max-snippet":"max-snippet:-1","max-image-preview":"max-image-preview:large","max-video-preview":"max-video-preview:-1"},"og_locale":"es_ES","og_type":"article","og_title":"ACRE Panam\u00e1 | Grupo Acre Panam\u00e1","og_description":"ACRE COLOMBIA SAS distribuidora oficial de Leica Geosystems. Asesoramiento t\u00e9cnica y comercial, asistencia y formaci\u00f3n para sacar el m\u00e1ximo rendimiento.","og_url":"https:\/\/old.grupoacre.pa\/es\/acre-panama\/","og_site_name":"Grupo Acre Panam\u00e1","article_publisher":"https:\/\/www.facebook.com\/Acre.Surveying.Solutions","article_modified_time":"2017-04-10T15:24:52+00:00","og_image":[{"width":1766,"height":750,"url":"https:\/\/old.grupoacre.pa\/wp-content\/uploads\/sites\/5\/2017\/02\/estacion-total-acre.jpg","type":"image\/jpeg"}],"twitter_card":"summary_large_image","twitter_site":"@AcreSurveying","twitter_misc":{"Tiempo de lectura":"2 minutos"},"schema":{"@context":"https:\/\/schema.org","@graph":[{"@type":"WebPage","@id":"https:\/\/old.grupoacre.pa\/es\/acre-panama\/","url":"https:\/\/old.grupoacre.pa\/es\/acre-panama\/","name":"ACRE Panam\u00e1 | Grupo Acre Panam\u00e1","isPartOf":{"@id":"https:\/\/old.grupoacre.pa\/es\/#website"},"primaryImageOfPage":{"@id":"https:\/\/old.grupoacre.pa\/es\/acre-panama\/#primaryimage"},"image":{"@id":"https:\/\/old.grupoacre.pa\/es\/acre-panama\/#primaryimage"},"thumbnailUrl":"https:\/\/old.grupoacre.pa\/wp-content\/uploads\/sites\/5\/2017\/02\/estacion-total-acre.jpg","datePublished":"2017-02-22T13:02:11+00:00","dateModified":"2017-04-10T15:24:52+00:00","description":"ACRE COLOMBIA SAS distribuidora oficial de Leica Geosystems. Asesoramiento t\u00e9cnica y comercial, asistencia y formaci\u00f3n para sacar el m\u00e1ximo rendimiento.","breadcrumb":{"@id":"https:\/\/old.grupoacre.pa\/es\/acre-panama\/#breadcrumb"},"inLanguage":"es","potentialAction":[{"@type":"ReadAction","target":[["https:\/\/old.grupoacre.pa\/es\/acre-panama\/"]]}]},{"@type":"ImageObject","inLanguage":"es","@id":"https:\/\/old.grupoacre.pa\/es\/acre-panama\/#primaryimage","url":"https:\/\/old.grupoacre.pa\/wp-content\/uploads\/sites\/5\/2017\/02\/estacion-total-acre.jpg","contentUrl":"https:\/\/old.grupoacre.pa\/wp-content\/uploads\/sites\/5\/2017\/02\/estacion-total-acre.jpg","width":1766,"height":750},{"@type":"BreadcrumbList","@id":"https:\/\/old.grupoacre.pa\/es\/acre-panama\/#breadcrumb","itemListElement":[{"@type":"ListItem","position":1,"name":"Portada","item":"https:\/\/old.grupoacre.pa\/es\/"},{"@type":"ListItem","position":2,"name":"ACRE Panam\u00e1"}]},{"@type":"WebSite","@id":"https:\/\/old.grupoacre.pa\/es\/#website","url":"https:\/\/old.grupoacre.pa\/es\/","name":"Grupo Acre Panam\u00e1","description":"Surveying Solutions","potentialAction":[{"@type":"SearchAction","target":{"@type":"EntryPoint","urlTemplate":"https:\/\/old.grupoacre.pa\/es\/?s={search_term_string}"},"query-input":{"@type":"PropertyValueSpecification","valueRequired":true,"valueName":"search_term_string"}}],"inLanguage":"es"}]}},"_links":{"self":[{"href":"https:\/\/old.grupoacre.pa\/es\/wp-json\/wp\/v2\/pages\/432","targetHints":{"allow":["GET"]}}],"collection":[{"href":"https:\/\/old.grupoacre.pa\/es\/wp-json\/wp\/v2\/pages"}],"about":[{"href":"https:\/\/old.grupoacre.pa\/es\/wp-json\/wp\/v2\/types\/page"}],"author":[{"embeddable":true,"href":"https:\/\/old.grupoacre.pa\/es\/wp-json\/wp\/v2\/users\/3"}],"replies":[{"embeddable":true,"href":"https:\/\/old.grupoacre.pa\/es\/wp-json\/wp\/v2\/comments?post=432"}],"version-history":[{"count":5,"href":"https:\/\/old.grupoacre.pa\/es\/wp-json\/wp\/v2\/pages\/432\/revisions"}],"predecessor-version":[{"id":2620,"href":"https:\/\/old.grupoacre.pa\/es\/wp-json\/wp\/v2\/pages\/432\/revisions\/2620"}],"wp:featuredmedia":[{"embeddable":true,"href":"https:\/\/old.grupoacre.pa\/es\/wp-json\/wp\/v2\/media\/1043"}],"wp:attachment":[{"href":"https:\/\/old.grupoacre.pa\/es\/wp-json\/wp\/v2\/media?parent=432"}],"curies":[{"name":"wp","href":"https:\/\/api.w.org\/{rel}","templated":true}]}}