{"id":161,"date":"2017-02-17T12:45:45","date_gmt":"2017-02-17T12:45:45","guid":{"rendered":"http:\/\/grupoacre.pa\/?page_id=161"},"modified":"2018-07-20T03:18:37","modified_gmt":"2018-07-20T08:18:37","slug":"equipos-de-ocasion","status":"publish","type":"page","link":"https:\/\/old.grupoacre.pa\/es\/productos\/equipos-de-ocasion\/","title":{"rendered":"Equipos de segunda mano para topograf\u00eda, geodesia y medici\u00f3n"},"content":{"rendered":"<p><\/p>\n<p style=\"text-align: left\">Ponemos en venta productos de segunda mano en perfecto estado, ofreciendo soluciones m\u00e1s econ\u00f3micas para adquirir equipos topogr\u00e1ficos de calidad. Oportunidades en Estaciones Totales, GPS y niveles de ocasi\u00f3n. Instrumentos en \u00f3ptimas condiciones, con las revisiones de calibraci\u00f3n y ajuste realizadas, 3 meses de garant\u00eda y accesorios incluidos.<\/p>\n<p><\/p>","protected":false},"excerpt":{"rendered":"Ponemos en venta productos de segunda mano en perfecto estado, ofreciendo soluciones m\u00e1s econ\u00f3micas para adquirir equipos topogr\u00e1ficos de calidad. Oportunidades en Estaciones Totales, GPS y niveles de ocasi\u00f3n. Instrumentos en \u00f3ptimas condiciones, con las revisiones de calibraci\u00f3n y ajuste realizadas, 3 meses de garant\u00eda y accesorios incluidos.","protected":false},"author":1,"featured_media":601,"parent":163,"menu_order":5,"comment_status":"closed","ping_status":"closed","template":"","meta":{"_acf_changed":false,"footnotes":""},"class_list":["post-161","page","type-page","status-publish","has-post-thumbnail","hentry"],"acf":[],"yoast_head":"<!-- This site is optimized with the Yoast SEO plugin v25.2 - https:\/\/yoast.com\/wordpress\/plugins\/seo\/ -->\n<title>Segunda mano en topograf\u00eda, geodesia y medici\u00f3n | Grupo Acre<\/title>\n<meta name=\"description\" content=\"Oportunidades en segunda mano. Estaciones Totales, GPS y niveles de ocasi\u00f3n, en perfectas condiciones, con revisiones, garant\u00eda y accesorios incluidos.\" \/>\n<meta name=\"robots\" content=\"noindex, follow, max-snippet:-1, max-image-preview:large, max-video-preview:-1\" \/>\n<meta property=\"og:locale\" content=\"es_ES\" \/>\n<meta property=\"og:type\" content=\"article\" \/>\n<meta property=\"og:title\" content=\"Segunda mano en topograf\u00eda, geodesia y medici\u00f3n | Grupo Acre\" \/>\n<meta property=\"og:description\" content=\"Oportunidades en segunda mano. Estaciones Totales, GPS y niveles de ocasi\u00f3n, en perfectas condiciones, con revisiones, garant\u00eda y accesorios incluidos.\" \/>\n<meta property=\"og:url\" content=\"https:\/\/old.grupoacre.pa\/es\/productos\/equipos-de-ocasion\/\" \/>\n<meta property=\"og:site_name\" content=\"Grupo Acre Panam\u00e1\" \/>\n<meta property=\"article:publisher\" content=\"https:\/\/www.facebook.com\/Acre.Surveying.Solutions\" \/>\n<meta property=\"article:modified_time\" content=\"2018-07-20T08:18:37+00:00\" \/>\n<meta property=\"og:image\" content=\"https:\/\/old.grupoacre.pa\/wp-content\/uploads\/sites\/5\/2017\/02\/ocasion.jpg\" \/>\n\t<meta property=\"og:image:width\" content=\"1600\" \/>\n\t<meta property=\"og:image:height\" content=\"400\" \/>\n\t<meta property=\"og:image:type\" content=\"image\/jpeg\" \/>\n<meta name=\"twitter:card\" content=\"summary_large_image\" \/>\n<meta name=\"twitter:site\" content=\"@AcreSurveying\" \/>\n<meta name=\"twitter:label1\" content=\"Tiempo de lectura\" \/>\n\t<meta name=\"twitter:data1\" content=\"1 minuto\" \/>\n<!-- \/ Yoast SEO plugin. -->","yoast_head_json":{"title":"Segunda mano en topograf\u00eda, geodesia y medici\u00f3n | Grupo Acre","description":"Oportunidades en segunda mano. Estaciones Totales, GPS y niveles de ocasi\u00f3n, en perfectas condiciones, con revisiones, garant\u00eda y accesorios incluidos.","robots":{"index":"noindex","follow":"follow","max-snippet":"max-snippet:-1","max-image-preview":"max-image-preview:large","max-video-preview":"max-video-preview:-1"},"og_locale":"es_ES","og_type":"article","og_title":"Segunda mano en topograf\u00eda, geodesia y medici\u00f3n | Grupo Acre","og_description":"Oportunidades en segunda mano. Estaciones Totales, GPS y niveles de ocasi\u00f3n, en perfectas condiciones, con revisiones, garant\u00eda y accesorios incluidos.","og_url":"https:\/\/old.grupoacre.pa\/es\/productos\/equipos-de-ocasion\/","og_site_name":"Grupo Acre Panam\u00e1","article_publisher":"https:\/\/www.facebook.com\/Acre.Surveying.Solutions","article_modified_time":"2018-07-20T08:18:37+00:00","og_image":[{"width":1600,"height":400,"url":"https:\/\/old.grupoacre.pa\/wp-content\/uploads\/sites\/5\/2017\/02\/ocasion.jpg","type":"image\/jpeg"}],"twitter_card":"summary_large_image","twitter_site":"@AcreSurveying","twitter_misc":{"Tiempo de lectura":"1 minuto"},"schema":{"@context":"https:\/\/schema.org","@graph":[{"@type":"WebPage","@id":"https:\/\/old.grupoacre.pa\/es\/productos\/equipos-de-ocasion\/","url":"https:\/\/old.grupoacre.pa\/es\/productos\/equipos-de-ocasion\/","name":"Segunda mano en topograf\u00eda, geodesia y medici\u00f3n | Grupo Acre","isPartOf":{"@id":"https:\/\/old.grupoacre.pa\/es\/#website"},"primaryImageOfPage":{"@id":"https:\/\/old.grupoacre.pa\/es\/productos\/equipos-de-ocasion\/#primaryimage"},"image":{"@id":"https:\/\/old.grupoacre.pa\/es\/productos\/equipos-de-ocasion\/#primaryimage"},"thumbnailUrl":"https:\/\/old.grupoacre.pa\/wp-content\/uploads\/sites\/5\/2017\/02\/ocasion.jpg","datePublished":"2017-02-17T12:45:45+00:00","dateModified":"2018-07-20T08:18:37+00:00","description":"Oportunidades en segunda mano. Estaciones Totales, GPS y niveles de ocasi\u00f3n, en perfectas condiciones, con revisiones, garant\u00eda y accesorios incluidos.","breadcrumb":{"@id":"https:\/\/old.grupoacre.pa\/es\/productos\/equipos-de-ocasion\/#breadcrumb"},"inLanguage":"es","potentialAction":[{"@type":"ReadAction","target":[["https:\/\/old.grupoacre.pa\/es\/productos\/equipos-de-ocasion\/"]]}]},{"@type":"ImageObject","inLanguage":"es","@id":"https:\/\/old.grupoacre.pa\/es\/productos\/equipos-de-ocasion\/#primaryimage","url":"https:\/\/old.grupoacre.pa\/wp-content\/uploads\/sites\/5\/2017\/02\/ocasion.jpg","contentUrl":"https:\/\/old.grupoacre.pa\/wp-content\/uploads\/sites\/5\/2017\/02\/ocasion.jpg","width":1600,"height":400,"caption":"ocasi\u00f3n"},{"@type":"BreadcrumbList","@id":"https:\/\/old.grupoacre.pa\/es\/productos\/equipos-de-ocasion\/#breadcrumb","itemListElement":[{"@type":"ListItem","position":1,"name":"Portada","item":"https:\/\/old.grupoacre.pa\/es\/"},{"@type":"ListItem","position":2,"name":"Tienda","item":"https:\/\/old.grupoacre.pa\/es\/productos\/"},{"@type":"ListItem","position":3,"name":"Equipos de segunda mano para topograf\u00eda, geodesia y medici\u00f3n"}]},{"@type":"WebSite","@id":"https:\/\/old.grupoacre.pa\/es\/#website","url":"https:\/\/old.grupoacre.pa\/es\/","name":"Grupo Acre Panam\u00e1","description":"Surveying Solutions","potentialAction":[{"@type":"SearchAction","target":{"@type":"EntryPoint","urlTemplate":"https:\/\/old.grupoacre.pa\/es\/?s={search_term_string}"},"query-input":{"@type":"PropertyValueSpecification","valueRequired":true,"valueName":"search_term_string"}}],"inLanguage":"es"}]}},"_links":{"self":[{"href":"https:\/\/old.grupoacre.pa\/es\/wp-json\/wp\/v2\/pages\/161","targetHints":{"allow":["GET"]}}],"collection":[{"href":"https:\/\/old.grupoacre.pa\/es\/wp-json\/wp\/v2\/pages"}],"about":[{"href":"https:\/\/old.grupoacre.pa\/es\/wp-json\/wp\/v2\/types\/page"}],"author":[{"embeddable":true,"href":"https:\/\/old.grupoacre.pa\/es\/wp-json\/wp\/v2\/users\/1"}],"replies":[{"embeddable":true,"href":"https:\/\/old.grupoacre.pa\/es\/wp-json\/wp\/v2\/comments?post=161"}],"version-history":[{"count":5,"href":"https:\/\/old.grupoacre.pa\/es\/wp-json\/wp\/v2\/pages\/161\/revisions"}],"predecessor-version":[{"id":177944,"href":"https:\/\/old.grupoacre.pa\/es\/wp-json\/wp\/v2\/pages\/161\/revisions\/177944"}],"up":[{"embeddable":true,"href":"https:\/\/old.grupoacre.pa\/es\/wp-json\/wp\/v2\/pages\/163"}],"wp:featuredmedia":[{"embeddable":true,"href":"https:\/\/old.grupoacre.pa\/es\/wp-json\/wp\/v2\/media\/601"}],"wp:attachment":[{"href":"https:\/\/old.grupoacre.pa\/es\/wp-json\/wp\/v2\/media?parent=161"}],"curies":[{"name":"wp","href":"https:\/\/api.w.org\/{rel}","templated":true}]}}