{"id":137,"date":"2017-02-17T11:46:43","date_gmt":"2017-02-17T11:46:43","guid":{"rendered":"http:\/\/grupoacre.pa\/?page_id=137"},"modified":"2025-01-08T11:31:22","modified_gmt":"2025-01-08T16:31:22","slug":"pagina-principal","status":"publish","type":"page","link":"https:\/\/old.grupoacre.pa\/es\/","title":{"rendered":"P\u00e1gina Principal"},"content":{"rendered":"","protected":false},"excerpt":{"rendered":"","protected":false},"author":1,"featured_media":0,"parent":0,"menu_order":1,"comment_status":"closed","ping_status":"closed","template":"template-home.php","meta":{"_acf_changed":false,"footnotes":""},"class_list":["post-137","page","type-page","status-publish","hentry"],"acf":[],"yoast_head":"<!-- This site is optimized with the Yoast SEO plugin v25.2 - https:\/\/yoast.com\/wordpress\/plugins\/seo\/ -->\n<title>ACRE. Venta, asesor\u00eda t\u00e9cnica y comercial en topograf\u00eda. Panam\u00e1<\/title>\n<meta name=\"description\" content=\"Comercializaci\u00f3n, alquiler y soporte de equipos para topograf\u00eda, geodesia, medici\u00f3n y drones. ACRE distribuidor oficial de Leica Geosystems.\" \/>\n<meta name=\"robots\" content=\"noindex, follow, max-snippet:-1, max-image-preview:large, max-video-preview:-1\" \/>\n<meta property=\"og:locale\" content=\"es_ES\" \/>\n<meta property=\"og:type\" content=\"article\" \/>\n<meta property=\"og:title\" content=\"ACRE. Venta, asesor\u00eda t\u00e9cnica y comercial en topograf\u00eda. Panam\u00e1\" \/>\n<meta property=\"og:description\" content=\"Comercializaci\u00f3n, alquiler y soporte de equipos para topograf\u00eda, geodesia, medici\u00f3n y drones. ACRE distribuidor oficial de Leica Geosystems.\" \/>\n<meta property=\"og:url\" content=\"https:\/\/old.grupoacre.pa\/es\/\" \/>\n<meta property=\"og:site_name\" content=\"Grupo Acre Panam\u00e1\" \/>\n<meta property=\"article:publisher\" content=\"https:\/\/www.facebook.com\/Acre.Surveying.Solutions\" \/>\n<meta property=\"article:modified_time\" content=\"2025-01-08T16:31:22+00:00\" \/>\n<meta name=\"twitter:card\" content=\"summary_large_image\" \/>\n<meta name=\"twitter:site\" content=\"@AcreSurveying\" \/>\n<!-- \/ Yoast SEO plugin. -->","yoast_head_json":{"title":"ACRE. Venta, asesor\u00eda t\u00e9cnica y comercial en topograf\u00eda. Panam\u00e1","description":"Comercializaci\u00f3n, alquiler y soporte de equipos para topograf\u00eda, geodesia, medici\u00f3n y drones. ACRE distribuidor oficial de Leica Geosystems.","robots":{"index":"noindex","follow":"follow","max-snippet":"max-snippet:-1","max-image-preview":"max-image-preview:large","max-video-preview":"max-video-preview:-1"},"og_locale":"es_ES","og_type":"article","og_title":"ACRE. Venta, asesor\u00eda t\u00e9cnica y comercial en topograf\u00eda. Panam\u00e1","og_description":"Comercializaci\u00f3n, alquiler y soporte de equipos para topograf\u00eda, geodesia, medici\u00f3n y drones. ACRE distribuidor oficial de Leica Geosystems.","og_url":"https:\/\/old.grupoacre.pa\/es\/","og_site_name":"Grupo Acre Panam\u00e1","article_publisher":"https:\/\/www.facebook.com\/Acre.Surveying.Solutions","article_modified_time":"2025-01-08T16:31:22+00:00","twitter_card":"summary_large_image","twitter_site":"@AcreSurveying","schema":{"@context":"https:\/\/schema.org","@graph":[{"@type":"WebPage","@id":"https:\/\/old.grupoacre.pa\/es\/","url":"https:\/\/old.grupoacre.pa\/es\/","name":"ACRE. Venta, asesor\u00eda t\u00e9cnica y comercial en topograf\u00eda. Panam\u00e1","isPartOf":{"@id":"https:\/\/old.grupoacre.pa\/es\/#website"},"datePublished":"2017-02-17T11:46:43+00:00","dateModified":"2025-01-08T16:31:22+00:00","description":"Comercializaci\u00f3n, alquiler y soporte de equipos para topograf\u00eda, geodesia, medici\u00f3n y drones. ACRE distribuidor oficial de Leica Geosystems.","breadcrumb":{"@id":"https:\/\/old.grupoacre.pa\/es\/#breadcrumb"},"inLanguage":"es","potentialAction":[{"@type":"ReadAction","target":[["https:\/\/old.grupoacre.pa\/es\/"]]}]},{"@type":"BreadcrumbList","@id":"https:\/\/old.grupoacre.pa\/es\/#breadcrumb","itemListElement":[{"@type":"ListItem","position":1,"name":"Portada","item":"https:\/\/old.grupoacre.pa\/es\/"},{"@type":"ListItem","position":2,"name":"P\u00e1gina Principal"}]},{"@type":"WebSite","@id":"https:\/\/old.grupoacre.pa\/es\/#website","url":"https:\/\/old.grupoacre.pa\/es\/","name":"Grupo Acre Panam\u00e1","description":"Surveying Solutions","potentialAction":[{"@type":"SearchAction","target":{"@type":"EntryPoint","urlTemplate":"https:\/\/old.grupoacre.pa\/es\/?s={search_term_string}"},"query-input":{"@type":"PropertyValueSpecification","valueRequired":true,"valueName":"search_term_string"}}],"inLanguage":"es"}]}},"_links":{"self":[{"href":"https:\/\/old.grupoacre.pa\/es\/wp-json\/wp\/v2\/pages\/137","targetHints":{"allow":["GET"]}}],"collection":[{"href":"https:\/\/old.grupoacre.pa\/es\/wp-json\/wp\/v2\/pages"}],"about":[{"href":"https:\/\/old.grupoacre.pa\/es\/wp-json\/wp\/v2\/types\/page"}],"author":[{"embeddable":true,"href":"https:\/\/old.grupoacre.pa\/es\/wp-json\/wp\/v2\/users\/1"}],"replies":[{"embeddable":true,"href":"https:\/\/old.grupoacre.pa\/es\/wp-json\/wp\/v2\/comments?post=137"}],"version-history":[{"count":23,"href":"https:\/\/old.grupoacre.pa\/es\/wp-json\/wp\/v2\/pages\/137\/revisions"}],"predecessor-version":[{"id":212624,"href":"https:\/\/old.grupoacre.pa\/es\/wp-json\/wp\/v2\/pages\/137\/revisions\/212624"}],"wp:attachment":[{"href":"https:\/\/old.grupoacre.pa\/es\/wp-json\/wp\/v2\/media?parent=137"}],"curies":[{"name":"wp","href":"https:\/\/api.w.org\/{rel}","templated":true}]}}