{"id":1085,"date":"2017-03-28T15:56:50","date_gmt":"2017-03-28T15:56:50","guid":{"rendered":"http:\/\/es.acre.fullcircle.es\/?page_id=1085"},"modified":"2017-07-03T04:02:58","modified_gmt":"2017-07-03T09:02:58","slug":"formas-de-pago","status":"publish","type":"page","link":"https:\/\/old.grupoacre.pa\/es\/formas-de-pago\/","title":{"rendered":"Formas de pago"},"content":{"rendered":"<p><strong>Transferencia bancaria o Ingreso<\/strong>: Puede realizar el pago del pedido por adelantado v\u00eda transferencia bancaria o ingresando el importe del pedido en nuestra cuenta de BANVIVIENDA 55020000144728001.<\/p>\n<p>El env\u00edo se iniciar\u00e1 una vez recibido el cobro en nuestra cuenta. Si en el plazo de 4 d\u00edas laborables no se ha efectuado la transferencia procederemos a la anulaci\u00f3n del pedido.<\/p>\n<p><strong>Paypal:<\/strong> El sistema de pago l\u00edder en internet<\/p>\n<p><strong>Stripe: <\/strong>Servicios de pago on line seguros<\/p>\n<h2>Seguridad en el pago<\/h2>\n<p>Los datos bancarios introducidos son encriptados y transmitidos de forma segura a las plataformas de pago y posteriormente verificados por la entidad para vitar posibles fraudes y abusos. No obstante, es responsabilidad de cada usuario la aplicaci\u00f3n de cuantas medidas sean necesarias para la seguridad de sus pagos.<\/p>\n<p>Grupo ACRE no tiene acceso a los datos bancarios vinculados a estos medios de pago y no conoce ni registra estos datos durante la operaci\u00f3n de pago. Posteriormente se suministrar\u00e1n estos datos a Grupo ACRE a trav\u00e9s de los denominados extractos bancarios.<\/p>\n","protected":false},"excerpt":{"rendered":"Transferencia bancaria o Ingreso: Puede realizar el pago del pedido por adelantado v\u00eda transferencia bancaria o ingresando el importe del pedido en nuestra cuenta de BANVIVIENDA 55020000144728001. El env\u00edo se iniciar\u00e1 una vez recibido el cobro en nuestra cuenta. Si en el plazo de 4 d\u00edas laborables no se ha efectuado la transferencia procederemos a&#8230;","protected":false},"author":3,"featured_media":0,"parent":0,"menu_order":0,"comment_status":"closed","ping_status":"closed","template":"","meta":{"_acf_changed":false,"footnotes":""},"class_list":["post-1085","page","type-page","status-publish","hentry"],"acf":[],"yoast_head":"<!-- This site is optimized with the Yoast SEO plugin v25.2 - https:\/\/yoast.com\/wordpress\/plugins\/seo\/ -->\n<title>Formas de pago | Grupo Acre Panam\u00e1<\/title>\n<meta name=\"robots\" content=\"noindex, nofollow\" \/>\n<meta property=\"og:locale\" content=\"es_ES\" \/>\n<meta property=\"og:type\" content=\"article\" \/>\n<meta property=\"og:title\" content=\"Formas de pago | Grupo Acre Panam\u00e1\" \/>\n<meta property=\"og:description\" content=\"Transferencia bancaria o Ingreso: Puede realizar el pago del pedido por adelantado v\u00eda transferencia bancaria o ingresando el importe del pedido en nuestra cuenta de BANVIVIENDA 55020000144728001. El env\u00edo se iniciar\u00e1 una vez recibido el cobro en nuestra cuenta. Si en el plazo de 4 d\u00edas laborables no se ha efectuado la transferencia procederemos a...\" \/>\n<meta property=\"og:url\" content=\"https:\/\/old.grupoacre.pa\/es\/formas-de-pago\/\" \/>\n<meta property=\"og:site_name\" content=\"Grupo Acre Panam\u00e1\" \/>\n<meta property=\"article:publisher\" content=\"https:\/\/www.facebook.com\/Acre.Surveying.Solutions\" \/>\n<meta property=\"article:modified_time\" content=\"2017-07-03T09:02:58+00:00\" \/>\n<meta name=\"twitter:card\" content=\"summary_large_image\" \/>\n<meta name=\"twitter:site\" content=\"@AcreSurveying\" \/>\n<meta name=\"twitter:label1\" content=\"Tiempo de lectura\" \/>\n\t<meta name=\"twitter:data1\" content=\"1 minuto\" \/>\n<!-- \/ Yoast SEO plugin. -->","yoast_head_json":{"title":"Formas de pago | Grupo Acre Panam\u00e1","robots":{"index":"noindex","follow":"nofollow"},"og_locale":"es_ES","og_type":"article","og_title":"Formas de pago | Grupo Acre Panam\u00e1","og_description":"Transferencia bancaria o Ingreso: Puede realizar el pago del pedido por adelantado v\u00eda transferencia bancaria o ingresando el importe del pedido en nuestra cuenta de BANVIVIENDA 55020000144728001. El env\u00edo se iniciar\u00e1 una vez recibido el cobro en nuestra cuenta. Si en el plazo de 4 d\u00edas laborables no se ha efectuado la transferencia procederemos a...","og_url":"https:\/\/old.grupoacre.pa\/es\/formas-de-pago\/","og_site_name":"Grupo Acre Panam\u00e1","article_publisher":"https:\/\/www.facebook.com\/Acre.Surveying.Solutions","article_modified_time":"2017-07-03T09:02:58+00:00","twitter_card":"summary_large_image","twitter_site":"@AcreSurveying","twitter_misc":{"Tiempo de lectura":"1 minuto"},"schema":{"@context":"https:\/\/schema.org","@graph":[{"@type":"WebPage","@id":"https:\/\/old.grupoacre.pa\/es\/formas-de-pago\/","url":"https:\/\/old.grupoacre.pa\/es\/formas-de-pago\/","name":"Formas de pago | Grupo Acre Panam\u00e1","isPartOf":{"@id":"https:\/\/old.grupoacre.pa\/es\/#website"},"datePublished":"2017-03-28T15:56:50+00:00","dateModified":"2017-07-03T09:02:58+00:00","breadcrumb":{"@id":"https:\/\/old.grupoacre.pa\/es\/formas-de-pago\/#breadcrumb"},"inLanguage":"es","potentialAction":[{"@type":"ReadAction","target":[["https:\/\/old.grupoacre.pa\/es\/formas-de-pago\/"]]}]},{"@type":"BreadcrumbList","@id":"https:\/\/old.grupoacre.pa\/es\/formas-de-pago\/#breadcrumb","itemListElement":[{"@type":"ListItem","position":1,"name":"Portada","item":"https:\/\/old.grupoacre.pa\/es\/"},{"@type":"ListItem","position":2,"name":"Formas de pago"}]},{"@type":"WebSite","@id":"https:\/\/old.grupoacre.pa\/es\/#website","url":"https:\/\/old.grupoacre.pa\/es\/","name":"Grupo Acre Panam\u00e1","description":"Surveying Solutions","potentialAction":[{"@type":"SearchAction","target":{"@type":"EntryPoint","urlTemplate":"https:\/\/old.grupoacre.pa\/es\/?s={search_term_string}"},"query-input":{"@type":"PropertyValueSpecification","valueRequired":true,"valueName":"search_term_string"}}],"inLanguage":"es"}]}},"_links":{"self":[{"href":"https:\/\/old.grupoacre.pa\/es\/wp-json\/wp\/v2\/pages\/1085","targetHints":{"allow":["GET"]}}],"collection":[{"href":"https:\/\/old.grupoacre.pa\/es\/wp-json\/wp\/v2\/pages"}],"about":[{"href":"https:\/\/old.grupoacre.pa\/es\/wp-json\/wp\/v2\/types\/page"}],"author":[{"embeddable":true,"href":"https:\/\/old.grupoacre.pa\/es\/wp-json\/wp\/v2\/users\/3"}],"replies":[{"embeddable":true,"href":"https:\/\/old.grupoacre.pa\/es\/wp-json\/wp\/v2\/comments?post=1085"}],"version-history":[{"count":5,"href":"https:\/\/old.grupoacre.pa\/es\/wp-json\/wp\/v2\/pages\/1085\/revisions"}],"predecessor-version":[{"id":41854,"href":"https:\/\/old.grupoacre.pa\/es\/wp-json\/wp\/v2\/pages\/1085\/revisions\/41854"}],"wp:attachment":[{"href":"https:\/\/old.grupoacre.pa\/es\/wp-json\/wp\/v2\/media?parent=1085"}],"curies":[{"name":"wp","href":"https:\/\/api.w.org\/{rel}","templated":true}]}}