{"id":1077,"date":"2017-03-28T15:14:06","date_gmt":"2017-03-28T15:14:06","guid":{"rendered":"http:\/\/es.acre.fullcircle.es\/?page_id=1077"},"modified":"2017-06-27T05:47:52","modified_gmt":"2017-06-27T10:47:52","slug":"condiciones-envio-devolucion","status":"publish","type":"page","link":"https:\/\/old.grupoacre.pa\/es\/condiciones-envio-devolucion\/","title":{"rendered":"Condiciones de env\u00edo y devoluci\u00f3n"},"content":{"rendered":"<h2>Condiciones de env\u00edo<\/h2>\n<h3>Env\u00edos<\/h3>\n<p>El env\u00edo del producto no ser\u00e1 efectivo hasta que pueda comprobarse el pago. \u00a0La entrega se considerar\u00e1 realizada en el momento en que el transportista haya puesto los productos a disposici\u00f3n del cliente y este haya firmado el documento de recepci\u00f3n de entrega. Corresponde al cliente verificar los productos a la recepci\u00f3n y exponer todas las salvedades y reclamaciones que puedan estar justificadas en el documento de recepci\u00f3n de entrega.<\/p>\n<p>Los gastos de env\u00edo de forma general se regir\u00e1n por la siguiente tabla<\/p>\n<ul>\n<li><strong>Env\u00edo GRATIS para pedidos iguales o superiores a\u00a0100 $*<\/strong><\/li>\n<li><strong>10 $ para pedidos entre 30$ y 100$*<\/strong><\/li>\n<li><strong>15$ para pedidos inferiores a 30$*<\/strong><\/li>\n<\/ul>\n<p>ACRE SE RESERVA EL DERECHO DE SOLICITAR UNA CANTIDAD ADICIONAL para pedidos especialmente pesados o voluminosos o en casos de entregas en zonas no estimadas en los gastos. Cuando esto ocurra, el cliente podr\u00e1 cancelar el pedido quedando ACRE exento de cualquier otro compromiso u obligaci\u00f3n con el cliente.<\/p>\n<h3>Plazo de entrega<\/h3>\n<p>Cada ficha de producto contiene informaci\u00f3n acerca del plazo de entrega. Para pedidos con disponibilidad inmediata, el env\u00edo se realizar\u00e1 en el mismo d\u00eda siempre que la comprobaci\u00f3n del pago sea recibida antes de las 12.00h.<\/p>\n<p>Si desea conocer con m\u00e1s detalle el plazo de entrega de un producto, p\u00f3ngase en contacto con nosotros a trav\u00e9s del formulario de contacto situado en la ficha de cada producto.<\/p>\n<p>Los plazos pueden variar por razones ajenas a nuestra compa\u00f1\u00eda. ACRE no se compromete a ning\u00fan plazo de entrega determinado, puesto que el proceso de env\u00edo depende de terceros.<\/p>\n<p>Si el cliente requiriera un plazo de de entrega determinado deber\u00e1 ponerse en contacto con ACRE para determinar las condiciones del env\u00edo.<\/p>\n<h3>Almac\u00e9n<\/h3>\n<p>En nuestro portal s\u00f3lo ponemos a la venta productos en stock. No obstante, la sincronizaci\u00f3n de la web con los almacenes no es instant\u00e1nea. Adem\u00e1s, en el periodo de tiempo entre que un cliente registra un pedido en el portal hasta que recibimos y procesamos el justificante de pago alg\u00fan producto podr\u00eda agotarse. Por lo anterior, se podr\u00eda dar alg\u00fan caso aislado en que no podemos servir un pedido en los plazos estimados por falta de stock.<\/p>\n<p>Cuando no sea posible servir un producto por este motivo, ACRE se pondr\u00e1 en contacto con el cliente para comunic\u00e1rselo pudiendo este anular el pedido.<\/p>\n<h2>Condiciones de devoluci\u00f3n<\/h2>\n<p>Durante los 7 primeros d\u00edas h\u00e1biles despu\u00e9s de la recepci\u00f3n de un pedido, el cliente podr\u00e1 devolver un producto si cumple las Condiciones de devoluciones para clientes.<\/p>\n<p>Para ejercer este derecho, deber\u00e1 comunicarlo por e-mail indicando su n\u00famero de pedido, la referencia y n\u00famero de serie de los productos a devolver y seguir las instrucciones recibidas por nuestro servicio de atenci\u00f3n al cliente.<\/p>\n<p>Excepciones al derecho de desistimiento. Este derecho no ser\u00e1 aplicable a los siguientes art\u00edculos:<\/p>\n<ul>\n<li>Bienes cuyo precio est\u00e9 sujeto a fluctuaciones de coeficientes del mercado financiero que el vendedor no pueda controlar.<\/li>\n<li>Bienes confeccionados conforme a las especificaciones del consumidor o claramente personalizados, o que, por su naturaleza, no puedan ser devueltos o puedan deteriorarse o caducar con rapidez.<\/li>\n<li>Grabaciones sonoras o de v\u00eddeo, de discos y de programas inform\u00e1ticos que hubiesen sido desprecintados por el consumidor, as\u00ed como de ficheros inform\u00e1ticos, suministrados por v\u00eda electr\u00f3nica, susceptibles de ser descargados o reproducidos con car\u00e1cter inmediato para su uso permanente.<\/li>\n<\/ul>\n<p>Toda mercanc\u00eda debe ser devuelta en perfecto estado, sin haber sido modificada ni personalizada por el cliente, en su embalaje original en perfecto estado y protegido de forma que no se reciba con precintos o cintas adhesivas de transporte.<\/p>\n<p>Las devoluciones deben ser entregadas en destino dentro de los 7 d\u00edas posteriores a la fecha de aceptaci\u00f3n de la devoluci\u00f3n. En caso contrario ser\u00e1 rechazada y devuelta. Los gastos de transporte originados por la devoluci\u00f3n correr\u00e1n a cargo del cliente.<\/p>\n<p>Una vez analizado el perfecto estado de la mercanc\u00eda, le abonaremos el importe del producto en un plazo m\u00e1ximo de 7 d\u00edas. No devolvemos gastos de env\u00edo.<\/p>\n<h3>Excepciones al derecho de desistimiento<\/h3>\n<p>Este derecho no ser\u00e1 aplicable a los siguientes art\u00edculos:<\/p>\n<ul>\n<li>Bienes cuyo precio est\u00e9 sujeto a fluctuaciones de coeficientes del mercado financiero que el vendedor no pueda controlar.<\/li>\n<li>Bienes confeccionados conforme a las especificaciones del consumidor o claramente personalizados, o que, por su naturaleza, no puedan ser devueltos o puedan deteriorarse o caducar con rapidez.<\/li>\n<li>Grabaciones sonoras o de v\u00eddeo, de discos y de programas inform\u00e1ticos que hubiesen sido desprecintados por el consumidor, as\u00ed como de ficheros inform\u00e1ticos, suministrados por v\u00eda electr\u00f3nica, susceptibles de ser descargados o reproducidos con car\u00e1cter inmediato para su uso permanente.<\/li>\n<li>Toda mercanc\u00eda debe ser devuelta en perfecto estado, sin haber sido modificada ni personalizada por el cliente, en su embalaje original en perfecto estado y protegido de forma que no se reciba con precintos o cintas adhesivas de transporte.<\/li>\n<\/ul>\n<p>Las devoluciones deben ser entregadas en destino dentro de los 7 d\u00edas posteriores a la fecha de aceptaci\u00f3n de la devoluci\u00f3n. En caso contrario ser\u00e1 rechazada y devuelta. Los gastos de transporte originados por la devoluci\u00f3n correr\u00e1n a cargo del cliente.<\/p>\n<p>Una vez analizado el perfecto estado de la mercanc\u00eda, le abonaremos el importe del producto en un plazo m\u00e1ximo de 7 d\u00edas. No devolvemos gastos de env\u00edo.<\/p>\n","protected":false},"excerpt":{"rendered":"Condiciones de env\u00edo Env\u00edos El env\u00edo del producto no ser\u00e1 efectivo hasta que pueda comprobarse el pago. \u00a0La entrega se considerar\u00e1 realizada en el momento en que el transportista haya puesto los productos a disposici\u00f3n del cliente y este haya firmado el documento de recepci\u00f3n de entrega. Corresponde al cliente verificar los productos a la&#8230;","protected":false},"author":3,"featured_media":0,"parent":0,"menu_order":0,"comment_status":"closed","ping_status":"closed","template":"","meta":{"_acf_changed":false,"footnotes":""},"class_list":["post-1077","page","type-page","status-publish","hentry"],"acf":[],"yoast_head":"<!-- This site is optimized with the Yoast SEO plugin v25.2 - https:\/\/yoast.com\/wordpress\/plugins\/seo\/ -->\n<title>Condiciones de env\u00edo y devoluci\u00f3n | Grupo Acre Panam\u00e1<\/title>\n<meta name=\"robots\" content=\"noindex, nofollow\" \/>\n<meta property=\"og:locale\" content=\"es_ES\" \/>\n<meta property=\"og:type\" content=\"article\" \/>\n<meta property=\"og:title\" content=\"Condiciones de env\u00edo y devoluci\u00f3n | Grupo Acre Panam\u00e1\" \/>\n<meta property=\"og:description\" content=\"Condiciones de env\u00edo Env\u00edos El env\u00edo del producto no ser\u00e1 efectivo hasta que pueda comprobarse el pago. \u00a0La entrega se considerar\u00e1 realizada en el momento en que el transportista haya puesto los productos a disposici\u00f3n del cliente y este haya firmado el documento de recepci\u00f3n de entrega. Corresponde al cliente verificar los productos a la...\" \/>\n<meta property=\"og:url\" content=\"https:\/\/old.grupoacre.pa\/es\/condiciones-envio-devolucion\/\" \/>\n<meta property=\"og:site_name\" content=\"Grupo Acre Panam\u00e1\" \/>\n<meta property=\"article:publisher\" content=\"https:\/\/www.facebook.com\/Acre.Surveying.Solutions\" \/>\n<meta property=\"article:modified_time\" content=\"2017-06-27T10:47:52+00:00\" \/>\n<meta name=\"twitter:card\" content=\"summary_large_image\" \/>\n<meta name=\"twitter:site\" content=\"@AcreSurveying\" \/>\n<meta name=\"twitter:label1\" content=\"Tiempo de lectura\" \/>\n\t<meta name=\"twitter:data1\" content=\"5 minutos\" \/>\n<!-- \/ Yoast SEO plugin. -->","yoast_head_json":{"title":"Condiciones de env\u00edo y devoluci\u00f3n | Grupo Acre Panam\u00e1","robots":{"index":"noindex","follow":"nofollow"},"og_locale":"es_ES","og_type":"article","og_title":"Condiciones de env\u00edo y devoluci\u00f3n | Grupo Acre Panam\u00e1","og_description":"Condiciones de env\u00edo Env\u00edos El env\u00edo del producto no ser\u00e1 efectivo hasta que pueda comprobarse el pago. \u00a0La entrega se considerar\u00e1 realizada en el momento en que el transportista haya puesto los productos a disposici\u00f3n del cliente y este haya firmado el documento de recepci\u00f3n de entrega. Corresponde al cliente verificar los productos a la...","og_url":"https:\/\/old.grupoacre.pa\/es\/condiciones-envio-devolucion\/","og_site_name":"Grupo Acre Panam\u00e1","article_publisher":"https:\/\/www.facebook.com\/Acre.Surveying.Solutions","article_modified_time":"2017-06-27T10:47:52+00:00","twitter_card":"summary_large_image","twitter_site":"@AcreSurveying","twitter_misc":{"Tiempo de lectura":"5 minutos"},"schema":{"@context":"https:\/\/schema.org","@graph":[{"@type":"WebPage","@id":"https:\/\/old.grupoacre.pa\/es\/condiciones-envio-devolucion\/","url":"https:\/\/old.grupoacre.pa\/es\/condiciones-envio-devolucion\/","name":"Condiciones de env\u00edo y devoluci\u00f3n | Grupo Acre Panam\u00e1","isPartOf":{"@id":"https:\/\/old.grupoacre.pa\/es\/#website"},"datePublished":"2017-03-28T15:14:06+00:00","dateModified":"2017-06-27T10:47:52+00:00","breadcrumb":{"@id":"https:\/\/old.grupoacre.pa\/es\/condiciones-envio-devolucion\/#breadcrumb"},"inLanguage":"es","potentialAction":[{"@type":"ReadAction","target":[["https:\/\/old.grupoacre.pa\/es\/condiciones-envio-devolucion\/"]]}]},{"@type":"BreadcrumbList","@id":"https:\/\/old.grupoacre.pa\/es\/condiciones-envio-devolucion\/#breadcrumb","itemListElement":[{"@type":"ListItem","position":1,"name":"Portada","item":"https:\/\/old.grupoacre.pa\/es\/"},{"@type":"ListItem","position":2,"name":"Condiciones de env\u00edo y devoluci\u00f3n"}]},{"@type":"WebSite","@id":"https:\/\/old.grupoacre.pa\/es\/#website","url":"https:\/\/old.grupoacre.pa\/es\/","name":"Grupo Acre Panam\u00e1","description":"Surveying Solutions","potentialAction":[{"@type":"SearchAction","target":{"@type":"EntryPoint","urlTemplate":"https:\/\/old.grupoacre.pa\/es\/?s={search_term_string}"},"query-input":{"@type":"PropertyValueSpecification","valueRequired":true,"valueName":"search_term_string"}}],"inLanguage":"es"}]}},"_links":{"self":[{"href":"https:\/\/old.grupoacre.pa\/es\/wp-json\/wp\/v2\/pages\/1077","targetHints":{"allow":["GET"]}}],"collection":[{"href":"https:\/\/old.grupoacre.pa\/es\/wp-json\/wp\/v2\/pages"}],"about":[{"href":"https:\/\/old.grupoacre.pa\/es\/wp-json\/wp\/v2\/types\/page"}],"author":[{"embeddable":true,"href":"https:\/\/old.grupoacre.pa\/es\/wp-json\/wp\/v2\/users\/3"}],"replies":[{"embeddable":true,"href":"https:\/\/old.grupoacre.pa\/es\/wp-json\/wp\/v2\/comments?post=1077"}],"version-history":[{"count":4,"href":"https:\/\/old.grupoacre.pa\/es\/wp-json\/wp\/v2\/pages\/1077\/revisions"}],"predecessor-version":[{"id":39003,"href":"https:\/\/old.grupoacre.pa\/es\/wp-json\/wp\/v2\/pages\/1077\/revisions\/39003"}],"wp:attachment":[{"href":"https:\/\/old.grupoacre.pa\/es\/wp-json\/wp\/v2\/media?parent=1077"}],"curies":[{"name":"wp","href":"https:\/\/api.w.org\/{rel}","templated":true}]}}