{"id":1058,"date":"2017-03-28T13:47:40","date_gmt":"2017-03-28T13:47:40","guid":{"rendered":"http:\/\/es.acre.fullcircle.es\/?page_id=1058"},"modified":"2017-07-03T04:01:29","modified_gmt":"2017-07-03T09:01:29","slug":"condiciones-generales-de-compra","status":"publish","type":"page","link":"https:\/\/old.grupoacre.pa\/es\/condiciones-generales-de-compra\/","title":{"rendered":"Condiciones generales de compra"},"content":{"rendered":"<h5>1.- TITULARIDAD<\/h5>\n<p>http:\/\/www.grupoacre.pa pertenece a ACRE SURVEYING SOLUTIONS PANAMA S.A (En adelante ACRE) \u2013 Cuya direcci\u00f3n es Edificio BBVA Torre grande, planta baja. Avda. Balboa con calle 43. Corregimiento de Bella Vista. Ciudad de Panam\u00e1. Panam\u00e1.\u00a0Tel. (507) 203 3622 \u2013 Fax. (507) 203 3623. Correo electr\u00f3nico\u00a0infopanama@grupoacre.com<\/p>\n<h5>2.-\u00a0GENERALIDADES<\/h5>\n<p>Los pedidos realizados en esta tienda son compras efectuadas ACRE. Nuestro horario de atenci\u00f3n telef\u00f3nica es de 08:00 a 14:00 y de 15:00 a 18:00 en d\u00edas laborales.<\/p>\n<p>Salvo estipulaci\u00f3n particular por escrito, la realizaci\u00f3n de una compra en http:\/\/www.grupoacre.pa supone la aceptaci\u00f3n por parte del cliente de las condiciones de compra.<\/p>\n<p>ACRE se reserva el derecho de modificar la oferta contractual constituida por las presentes condiciones generales y a lista de productos y precios, en cualquier momento, si bien dichas modificaciones no se efectuaran con las contrataciones ya realizadas por el usuario.<\/p>\n<p>Una compra no es definitiva hasta que es aceptada por ACRE. ACRE se reserva el derecho de admisi\u00f3n y anulaci\u00f3n de cualquier pedido, estando obligado a devolver el importe abonado por el cliente y quedando exenta de cualquier otra obligaci\u00f3n.<\/p>\n<p>Los usuarios tienen la posibilidad de realizar todos sus pedidos desde la p\u00e1gina de Internet: http:\/\/www.grupoacre.pa<\/p>\n<p>Es imprescindible que se escriba correctamente y sin errores todos los datos suministrados para la realizaci\u00f3n del pedido. Especialmente los referidos a la direcci\u00f3n de env\u00edo. \u00a0ACRE no ser\u00e1 responsable de los problemas\u00a0ocasionados por una incorrecta identificaci\u00f3n del usuario para la tramitaci\u00f3n del pedido.<\/p>\n<p>En todos los productos elegidos se encuentra una descripci\u00f3n general de los mismos. Si eso no fuera suficiente, se puede contactar con nosotros mediante los formularios incluidos para tal efecto, por tel\u00e9fono o correo electr\u00f3nico.<\/p>\n<p>Al presionar el bot\u00f3n \u00abComprar\u00bb durante el proceso de compra, el usuario declara aceptar plenamente y sin reservas la totalidad de las presentes Condiciones Generales de Venta. Grupo ACRE confirmar\u00e1 su pedido a trav\u00e9s del env\u00edo de un correo electr\u00f3nico.<\/p>\n<p>En los precios de nuestros productos no est\u00e1n incluidos los impuestos ni los gastos de transporte y recargos de las posibles forma de pago que ser\u00e1n mostrados al final del proceso de compra. As\u00edmismo ACRE se reserva el derecho de realizar recargos adicionales, previo consentimiento del cliente cuando por alguna causa particular del env\u00edo sea necesario.<\/p>\n<p>Grupo ACRE se reserva el derecho a rechazar un pedido de cualquier miembro con el que tenga un litigio.<\/p>\n<h5>3.- FORMAS DE PAGO<\/h5>\n<ul>\n<li>Transferencia bancaria o Ingreso: Puede realizar el pago del pedido por adelantado v\u00eda transferencia bancaria o ingresando el importe del pedido en nuestra cuenta:BANVIVIENDA 55020000144728001El env\u00edo se iniciar\u00e1 una vez recibido el cobro en nuestra cuenta. Si en el plazo de 4 d\u00edas laborables no se ha efectuado la transferencia procederemos a la anulaci\u00f3n del pedido.<\/li>\n<li>PayPal: El sistema de pagos l\u00edder en internet.<\/li>\n<li>Stripe: Stripe es la mejor forma realizar pagos a trav\u00e9s de p\u00e1ginas web y aplicaciones m\u00f3viles.<\/li>\n<\/ul>\n<h5>4.- SEGURIDAD<\/h5>\n<p>Para su seguridad ACRE ha confiado en el sistema de pago Stripe \u00a0a trav\u00e9s de su pasarela de pago.<\/p>\n<p>Los datos bancarios introducidos son encriptados y transmitidos de forma segura a los servidores de la entidad bancaria y, posteriormente, son verificados con el banco emisor para evitar posibles fraudes y abusos.<\/p>\n<p>ACRE no tiene acceso a los datos bancarios vinculados a estos medios de pago y no conoce ni registra estos datos durante la operaci\u00f3n de pago. Posteriormente se suministrar\u00e1n estos datos a ACRE a trav\u00e9s de los denominados extractos bancarios.<\/p>\n<h5>5.- ENV\u00cdOS<\/h5>\n<p>El env\u00edo del producto no ser\u00e1 efectivo hasta que el departamento de Administraci\u00f3n de ACRE no haya verificado la realizaci\u00f3n del pago por parte del cliente. La entrega se considerar\u00e1 realizada en el momento en que el transportista haya puesto los productos a disposici\u00f3n del cliente y este haya firmado el documento de recepci\u00f3n de entrega. En los casos de env\u00edo directo al cliente y en la Agencia en los casos de recogida en la agencia. \u00a0Corresponde al cliente verificar los productos a la recepci\u00f3n y exponer todas las salvedades y reclamaciones que puedan estar justificadas en el documento de recepci\u00f3n de entrega.<\/p>\n<p>El env\u00edo corre por cuenta y riesgo del comprador y no es responsabilidad de ACRE. No obstante, para comodidad de cliente, ACRE pone a disposici\u00f3n el servicio de env\u00edo que considere para cumplir con los plazos establecidos.<\/p>\n<h5>6.- GASTOS DE ENV\u00cdO<\/h5>\n<p>De forma general los gastos de env\u00edo\u00a0se regir\u00e1n seg\u00fan la siguiente tabla para env\u00edos dentro del territorio nacional:<\/p>\n<ul>\n<li><strong>Env\u00edo GRATIS para pedidos iguales o superiores a\u00a0100 $*<\/strong><\/li>\n<li><strong>10 $ para pedidos entre 30$ y 100$*<\/strong><\/li>\n<li><strong>15$ para pedidos inferiores a 30$*<\/strong><\/li>\n<\/ul>\n<p>*Total del carro sin gastos de env\u00edo, impuestos y otros cargos.<\/p>\n<p>ACRE SE RESERVA EL DERECHO DE SOLICITAR UNA CANTIDAD ADICIONAL para pedidos especialmente pesados o voluminosos o en casos de entregas en zonas no estimadas en los gastos.<\/p>\n<h5>7.-\u00a0PLAZO DE ENTREGA<\/h5>\n<p>Cada ficha de producto contiene informaci\u00f3n acerca del plazo de entrega. Para pedidos con disponibilidad inmediata, el env\u00edo se realizar\u00e1 en el mismo d\u00eda siempre que la comprobaci\u00f3n del pago sea recibida antes de las 12.00h.<\/p>\n<p>Si desea conocer con m\u00e1s detalle el plazo de entrega de un producto, p\u00f3ngase en contacto con nosotros a trav\u00e9s del formulario de contacto situado en la ficha de cada producto.<\/p>\n<p>Los plazos pueden variar por razones ajenas a nuestra compa\u00f1\u00eda. ACRE no se compromete a ning\u00fan plazo de entrega determinado, puesto que el proceso de env\u00edo depende de terceros.<\/p>\n<p>Si el cliente requiriera un plazo de de entrega determinado deber\u00e1 ponerse en contacto con ACRE para determinar las condiciones del env\u00edo.<\/p>\n<h5>8.- ALMAC\u00c9N<\/h5>\n<p>En nuestro portal s\u00f3lo ponemos a la venta productos disponibles en nuestros almacenes o en los de los fabricantes de los que somos distribuidores, en cuyo caso el tiempo de suministro es directo. No obstante, la sincronizaci\u00f3n de la web con los almacenes no es instant\u00e1nea. Adem\u00e1s, en el periodo de tiempo entre que un cliente registra un pedido en el portal hasta que recibimos y procesamos el justificante de pago alg\u00fan producto podr\u00eda agotarse. Por lo anterior, se podr\u00eda dar alg\u00fan caso aislado en que no podemos servir un pedido en los plazos estimados por falta de stock.<\/p>\n<p>Cuando no sea posible servir un producto por este motivo, ACRE se pondr\u00e1 en contacto con el cliente para comunic\u00e1rselo pudiendo este anular el pedido.<\/p>\n<h5>9.- DEVOLUCIONES<\/h5>\n<p>Durante los 7 primeros d\u00edas h\u00e1biles despu\u00e9s de la recepci\u00f3n de un pedido, el cliente podr\u00e1 devolver un producto si cumple las Condiciones de devoluciones para clientes.<\/p>\n<p>Para ejercer este derecho, deber\u00e1 comunicarlo por e-mail indicando su n\u00famero de pedido, la referencia y n\u00famero de serie de los productos a devolver y seguir las instrucciones recibidas por nuestro servicio de atenci\u00f3n al cliente.<\/p>\n<p>Excepciones al derecho de desistimiento. Este derecho no ser\u00e1 aplicable a los siguientes art\u00edculos:<\/p>\n<ul>\n<li>Bienes cuyo precio est\u00e9 sujeto a fluctuaciones de coeficientes del mercado financiero que el vendedor no pueda controlar.<\/li>\n<li>Bienes confeccionados conforme a las especificaciones del consumidor o claramente personalizados, o que, por su naturaleza, no puedan ser devueltos o puedan deteriorarse o caducar con rapidez.<\/li>\n<li>Grabaciones sonoras o de v\u00eddeo, de discos y de programas inform\u00e1ticos que hubiesen sido desprecintados por el consumidor, as\u00ed como de ficheros inform\u00e1ticos, suministrados por v\u00eda electr\u00f3nica, susceptibles de ser descargados o reproducidos con car\u00e1cter inmediato para su uso permanente.<\/li>\n<\/ul>\n<p>Toda mercanc\u00eda debe ser devuelta en perfecto estado, sin haber sido modificada ni personalizada por el cliente, en su embalaje original en perfecto estado y protegido de forma que no se reciba con precintos o cintas adhesivas de transporte.<\/p>\n<p>Las devoluciones deben ser entregadas en destino dentro de los 7 d\u00edas posteriores a la fecha de aceptaci\u00f3n de la devoluci\u00f3n. En caso contrario ser\u00e1 rechazada y devuelta. Los gastos de transporte originados por la devoluci\u00f3n correr\u00e1n a cargo del cliente.<\/p>\n<p>Una vez analizado el perfecto estado de la mercanc\u00eda, le abonaremos el importe del producto en un plazo m\u00e1ximo de 7 d\u00edas. No devolvemos gastos de env\u00edo.<\/p>\n<h5>10.- GARANT\u00cdA<\/h5>\n<p>El consumidor puede dirigirse tanto al vendedor como al fabricante del producto durante el periodo de garant\u00eda para la reparaci\u00f3n del producto, a su sustituci\u00f3n o a la resoluci\u00f3n del contrato.<\/p>\n<p>ACRE queda obligado por los t\u00e9rminos y condiciones especificados en las garant\u00edas de los fabricantes de los productos objeto de la compra a trav\u00e9s de ACRE. La garant\u00eda se aplica siempre y cuando el producto sea utilizado bajo las condiciones normales de explotaci\u00f3n determinadas por los fabricantes. ACRE no est\u00e1 obligado a indemnizar al usuario o a terceros por las consecuencias del uso del producto, ya sean da\u00f1os directos o indirectos, accidentes sufridos por personas, da\u00f1os a los bienes ajenos al producto, p\u00e9rdidas de beneficio o lucro cesante, da\u00f1os que provengan de un deterioro o p\u00e9rdidas de datos.<\/p>\n<h5>11.-EXCEPCIONES DE GARANT\u00cdA<\/h5>\n<p>La garant\u00eda NO cubre los datos contenidos en unidades de almacenamiento de los equipos. El cliente se responsabiliza de salvaguardar todos los datos contenidos en los casos de devoluci\u00f3n, reparaci\u00f3n o actualizaci\u00f3n de los equipos.<\/p>\n<p>Casos no cubiertos por la garant\u00eda:<\/p>\n<ul>\n<li>Defectos y deterioros producidos por hechos externos, accidentes, principalmente accidentes el\u00e9ctricos, por desgaste y por utilizaci\u00f3n no conforme a las instrucciones del fabricante.<\/li>\n<li>Productos modificados o reparados por el Cliente o cualquier otra persona no autorizada por ACRE.<\/li>\n<li>Incorrecta configuraci\u00f3n software\/hardware, por parte del Cliente, de un equipo, componente o perif\u00e9rico.<\/li>\n<li>Incorrecta configuraci\u00f3n software\/hardware o aver\u00eda en un equipo provocada por un componente incorporado por el Cliente o un tercero.<\/li>\n<li>Infecci\u00f3n de virus inform\u00e1ticos en equipos, discos duros o disquetes de drivers o de software adicional.<\/li>\n<\/ul>\n<p>Estas condiciones de garant\u00eda no afectan a los derechos estatutarios del consumidor amparados por su legislaci\u00f3n vigente nacional aplicable.<\/p>\n<p>En caso de que el producto enviado est\u00e9 en perfecto estado y el problema sea de configuraci\u00f3n, se devolver\u00e1 al cliente a portes debidos, pudiendo facturar los gastos de recogida y la mano de obra empleada en la comprobaci\u00f3n o test del art\u00edculo supuestamente averiado.<\/p>\n<h5>12.- LIMITACI\u00d3N DE LA RESPONSABILIDAD<\/h5>\n<p>La informaci\u00f3n suministrada en este portal es a t\u00edtulo informativo y por lo tanto ACRE no garantiza que la informaci\u00f3n suministrada en este portal sea completa o actual.<\/p>\n<p>ACRE no es responsable de los contenidos de otras p\u00e1ginas web enlazadas a este sitio.<\/p>\n<p>Los precios, las caracter\u00edsticas y la disponibilidad de los productos comercializados por ACRE pueden variar sin previo aviso.<\/p>\n<p>Grupo ACRE no podr\u00eda considerarse como responsable del incumplimiento del contrato celebrado en caso de ruptura de existencias o indisponibilidad del producto, fuerza mayor, perturbaci\u00f3n o huelga total o parcial, en particular, de los servicios postales y medios de transporte y\/o comunicaciones, inundaci\u00f3n o incendio. En caso de litigio, el usuario se dirigir\u00e1 por prioridad a ACRE para obtener una soluci\u00f3n amistosa.<\/p>\n<h5>13.- FUERZA MAYOR<\/h5>\n<p>Las partes no incurrir\u00e1n en responsabilidad ante cualquier falta debida a causa mayor. El cumplimiento de la obligaci\u00f3n se demorar\u00e1 hasta el cese del caso de fuerza mayor.<\/p>\n<p>&nbsp;<\/p>\n<h5><\/h5>\n","protected":false},"excerpt":{"rendered":"1.- TITULARIDAD http:\/\/www.grupoacre.pa pertenece a ACRE SURVEYING SOLUTIONS PANAMA S.A (En adelante ACRE) \u2013 Cuya direcci\u00f3n es Edificio BBVA Torre grande, planta baja. Avda. Balboa con calle 43. Corregimiento de Bella Vista. Ciudad de Panam\u00e1. Panam\u00e1.\u00a0Tel. (507) 203 3622 \u2013 Fax. (507) 203 3623. Correo electr\u00f3nico\u00a0infopanama@grupoacre.com 2.-\u00a0GENERALIDADES Los pedidos realizados en esta tienda son compras&#8230;","protected":false},"author":3,"featured_media":0,"parent":0,"menu_order":0,"comment_status":"closed","ping_status":"closed","template":"","meta":{"_acf_changed":false,"footnotes":""},"class_list":["post-1058","page","type-page","status-publish","hentry"],"acf":[],"yoast_head":"<!-- This site is optimized with the Yoast SEO plugin v25.2 - https:\/\/yoast.com\/wordpress\/plugins\/seo\/ -->\n<title>Condiciones generales de compra | Grupo Acre Panam\u00e1<\/title>\n<meta name=\"robots\" content=\"noindex, nofollow\" \/>\n<meta property=\"og:locale\" content=\"es_ES\" \/>\n<meta property=\"og:type\" content=\"article\" \/>\n<meta property=\"og:title\" content=\"Condiciones generales de compra | Grupo Acre Panam\u00e1\" \/>\n<meta property=\"og:description\" content=\"1.- TITULARIDAD http:\/\/www.grupoacre.pa pertenece a ACRE SURVEYING SOLUTIONS PANAMA S.A (En adelante ACRE) \u2013 Cuya direcci\u00f3n es Edificio BBVA Torre grande, planta baja. Avda. Balboa con calle 43. Corregimiento de Bella Vista. Ciudad de Panam\u00e1. Panam\u00e1.\u00a0Tel. (507) 203 3622 \u2013 Fax. (507) 203 3623. Correo electr\u00f3nico\u00a0infopanama@grupoacre.com 2.-\u00a0GENERALIDADES Los pedidos realizados en esta tienda son compras...\" \/>\n<meta property=\"og:url\" content=\"https:\/\/old.grupoacre.pa\/es\/condiciones-generales-de-compra\/\" \/>\n<meta property=\"og:site_name\" content=\"Grupo Acre Panam\u00e1\" \/>\n<meta property=\"article:publisher\" content=\"https:\/\/www.facebook.com\/Acre.Surveying.Solutions\" \/>\n<meta property=\"article:modified_time\" content=\"2017-07-03T09:01:29+00:00\" \/>\n<meta name=\"twitter:card\" content=\"summary_large_image\" \/>\n<meta name=\"twitter:site\" content=\"@AcreSurveying\" \/>\n<meta name=\"twitter:label1\" content=\"Tiempo de lectura\" \/>\n\t<meta name=\"twitter:data1\" content=\"10 minutos\" \/>\n<!-- \/ Yoast SEO plugin. -->","yoast_head_json":{"title":"Condiciones generales de compra | Grupo Acre Panam\u00e1","robots":{"index":"noindex","follow":"nofollow"},"og_locale":"es_ES","og_type":"article","og_title":"Condiciones generales de compra | Grupo Acre Panam\u00e1","og_description":"1.- TITULARIDAD http:\/\/www.grupoacre.pa pertenece a ACRE SURVEYING SOLUTIONS PANAMA S.A (En adelante ACRE) \u2013 Cuya direcci\u00f3n es Edificio BBVA Torre grande, planta baja. Avda. Balboa con calle 43. Corregimiento de Bella Vista. Ciudad de Panam\u00e1. Panam\u00e1.\u00a0Tel. (507) 203 3622 \u2013 Fax. (507) 203 3623. Correo electr\u00f3nico\u00a0infopanama@grupoacre.com 2.-\u00a0GENERALIDADES Los pedidos realizados en esta tienda son compras...","og_url":"https:\/\/old.grupoacre.pa\/es\/condiciones-generales-de-compra\/","og_site_name":"Grupo Acre Panam\u00e1","article_publisher":"https:\/\/www.facebook.com\/Acre.Surveying.Solutions","article_modified_time":"2017-07-03T09:01:29+00:00","twitter_card":"summary_large_image","twitter_site":"@AcreSurveying","twitter_misc":{"Tiempo de lectura":"10 minutos"},"schema":{"@context":"https:\/\/schema.org","@graph":[{"@type":"WebPage","@id":"https:\/\/old.grupoacre.pa\/es\/condiciones-generales-de-compra\/","url":"https:\/\/old.grupoacre.pa\/es\/condiciones-generales-de-compra\/","name":"Condiciones generales de compra | Grupo Acre Panam\u00e1","isPartOf":{"@id":"https:\/\/old.grupoacre.pa\/es\/#website"},"datePublished":"2017-03-28T13:47:40+00:00","dateModified":"2017-07-03T09:01:29+00:00","breadcrumb":{"@id":"https:\/\/old.grupoacre.pa\/es\/condiciones-generales-de-compra\/#breadcrumb"},"inLanguage":"es","potentialAction":[{"@type":"ReadAction","target":[["https:\/\/old.grupoacre.pa\/es\/condiciones-generales-de-compra\/"]]}]},{"@type":"BreadcrumbList","@id":"https:\/\/old.grupoacre.pa\/es\/condiciones-generales-de-compra\/#breadcrumb","itemListElement":[{"@type":"ListItem","position":1,"name":"Portada","item":"https:\/\/old.grupoacre.pa\/es\/"},{"@type":"ListItem","position":2,"name":"Condiciones generales de compra"}]},{"@type":"WebSite","@id":"https:\/\/old.grupoacre.pa\/es\/#website","url":"https:\/\/old.grupoacre.pa\/es\/","name":"Grupo Acre Panam\u00e1","description":"Surveying Solutions","potentialAction":[{"@type":"SearchAction","target":{"@type":"EntryPoint","urlTemplate":"https:\/\/old.grupoacre.pa\/es\/?s={search_term_string}"},"query-input":{"@type":"PropertyValueSpecification","valueRequired":true,"valueName":"search_term_string"}}],"inLanguage":"es"}]}},"_links":{"self":[{"href":"https:\/\/old.grupoacre.pa\/es\/wp-json\/wp\/v2\/pages\/1058","targetHints":{"allow":["GET"]}}],"collection":[{"href":"https:\/\/old.grupoacre.pa\/es\/wp-json\/wp\/v2\/pages"}],"about":[{"href":"https:\/\/old.grupoacre.pa\/es\/wp-json\/wp\/v2\/types\/page"}],"author":[{"embeddable":true,"href":"https:\/\/old.grupoacre.pa\/es\/wp-json\/wp\/v2\/users\/3"}],"replies":[{"embeddable":true,"href":"https:\/\/old.grupoacre.pa\/es\/wp-json\/wp\/v2\/comments?post=1058"}],"version-history":[{"count":5,"href":"https:\/\/old.grupoacre.pa\/es\/wp-json\/wp\/v2\/pages\/1058\/revisions"}],"predecessor-version":[{"id":41853,"href":"https:\/\/old.grupoacre.pa\/es\/wp-json\/wp\/v2\/pages\/1058\/revisions\/41853"}],"wp:attachment":[{"href":"https:\/\/old.grupoacre.pa\/es\/wp-json\/wp\/v2\/media?parent=1058"}],"curies":[{"name":"wp","href":"https:\/\/api.w.org\/{rel}","templated":true}]}}